{"id":13134,"date":"2018-06-18T15:30:18","date_gmt":"2018-06-18T13:30:18","guid":{"rendered":"https:\/\/wweb.at\/bawp\/?page_id=13134"},"modified":"2026-04-12T18:18:58","modified_gmt":"2026-04-12T16:18:58","slug":"leistungen","status":"publish","type":"page","link":"https:\/\/www.wweb.at\/bawp\/leistungen\/","title":{"rendered":"Kurse Bach&#038;Body"},"content":{"rendered":"<p><div class=\"fusion-fullwidth fullwidth-box fusion-builder-row-1 nonhundred-percent-fullwidth non-hundred-percent-height-scrolling fusion-equal-height-columns\" style=\"background-color: rgba(95,145,191,0.59);background-position: left top;background-repeat: no-repeat;padding-top:25px;padding-right:0px;padding-bottom:20px;padding-left:0px;margin-bottom: 0px;margin-top: 10px;border-width: 0px 0px 0px 0px;border-color:#eae9e9;border-style:solid;\" ><div class=\"fusion-builder-row fusion-row\"><div class=\"fusion-layout-column fusion_builder_column fusion-builder-column-0 fusion_builder_column_1_3 1_3 fusion-one-third fusion-column-first\" style=\"width:30.6666%; margin-right: 4%;margin-top:0px;margin-bottom:20px;\"><div class=\"fusion-column-wrapper fusion-flex-column-wrapper-legacy\" style=\"background-position:left top;background-repeat:no-repeat;-webkit-background-size:cover;-moz-background-size:cover;-o-background-size:cover;background-size:cover;padding: 0px 0px 0px 0px;\"><div class=\"fusion-sep-clear\"><\/div><div class=\"fusion-separator fusion-full-width-sep\" style=\"margin-left: auto;margin-right: auto;margin-top:30px;margin-bottom:20px;width:100%;\"><\/div><div class=\"fusion-sep-clear\"><\/div><div class=\"fusion-clearfix\"><\/div><\/div><\/div><div class=\"fusion-layout-column fusion_builder_column fusion-builder-column-1 fusion_builder_column_1_3 1_3 fusion-one-third\" style=\"width:30.6666%; margin-right: 4%;margin-top:0px;margin-bottom:0px;\"><div class=\"fusion-column-wrapper fusion-flex-column-wrapper-legacy\" style=\"background-position:left top;background-repeat:no-repeat;-webkit-background-size:cover;-moz-background-size:cover;-o-background-size:cover;background-size:cover;padding: 0px 0px 0px 0px;\"><div class=\"fusion-sep-clear\"><\/div><div class=\"fusion-separator fusion-full-width-sep\" style=\"margin-left: auto;margin-right: auto;margin-top:20px;margin-bottom:20px;width:100%;\"><\/div><div class=\"fusion-sep-clear\"><\/div><style type=\"text\/css\"><\/style><div class=\"fusion-title title fusion-title-1 sep-underline sep-solid fusion-title-center fusion-title-text fusion-title-size-two\" style=\"border-bottom-color:#ffffff;margin-top:0px;margin-right:0px;margin-bottom:30px;margin-left:0px;\"><h2 class=\"title-heading-center fusion-responsive-typography-calculated\" style=\"margin:0;--fontSize:34;line-height:1.5;\"><h6>Kurse<\/h6>\n<p>Unsere beliebten Kurse finden im BACH &amp; BODY Zentrum der Bach Apotheke statt<\/p><\/h2><\/div><div class=\"fusion-clearfix\"><\/div><\/div><\/div><div class=\"fusion-layout-column fusion_builder_column fusion-builder-column-2 fusion_builder_column_1_3 1_3 fusion-one-third fusion-column-last\" style=\"width:30.6666%;margin-top:0px;margin-bottom:20px;\"><div class=\"fusion-column-wrapper fusion-flex-column-wrapper-legacy\" style=\"background-position:left top;background-repeat:no-repeat;-webkit-background-size:cover;-moz-background-size:cover;-o-background-size:cover;background-size:cover;padding: 0px 0px 0px 0px;\"><div class=\"fusion-sep-clear\"><\/div><div class=\"fusion-separator fusion-full-width-sep\" style=\"margin-left: auto;margin-right: auto;margin-top:30px;margin-bottom:20px;width:100%;\"><\/div><div class=\"fusion-sep-clear\"><\/div><div class=\"fusion-clearfix\"><\/div><\/div><\/div><\/div><\/div><div class=\"fusion-fullwidth fullwidth-box fusion-builder-row-2 hundred-percent-fullwidth non-hundred-percent-height-scrolling\" style=\"background-color: rgba(255,255,255,0);background-position: center center;background-repeat: no-repeat;padding-top:0px;padding-right:0px;padding-bottom:0px;padding-left:0px;margin-bottom: 40px;margin-top: 40px;border-width: 0px 0px 0px 0px;border-color:#eae9e9;border-style:solid;\" ><div class=\"fusion-builder-row fusion-row\"><div class=\"fusion-layout-column fusion_builder_column fusion-builder-column-3 fusion_builder_column_1_1 1_1 fusion-one-full fusion-column-first fusion-column-last fusion-column-no-min-height\" style=\"margin-top:0px;margin-bottom:0px;\"><div class=\"fusion-column-wrapper fusion-flex-column-wrapper-legacy\" style=\"background-position:left top;background-repeat:no-repeat;-webkit-background-size:cover;-moz-background-size:cover;-o-background-size:cover;background-size:cover;padding: 0px 0px 0px 0px;\"><div class=\"fusion-column-content-centered\"><div class=\"fusion-column-content\"><style type=\"text\/css\"><\/style><div class=\"fusion-title title fusion-title-2 fusion-sep-none fusion-title-center fusion-title-text fusion-title-size-one\" style=\"margin-top:0px;margin-right:0px;margin-bottom:30px;margin-left:0px;\"><h1 class=\"title-heading-center fusion-responsive-typography-calculated\" style=\"margin:0;--fontSize:34;line-height:1.4;\"><h3 style=\"text-align: center;\"><a href=\"https:\/\/wweb.at\/bawp\/wp-content\/uploads\/Yoga-Flyer-Bachapo-Montag-ab-0126.png\">Achtsames Yoga am Montag<\/a>\u00a0 \u00a0 <em>AUSGEBUCHT<\/em><\/h3><\/h1><\/div><div class=\"fusion-text fusion-text-1\"><p style=\"text-align: center;\">Montag 19:15 &#8211; 20:15<\/p>\n<p style=\"text-align: center;\">Anmeldung in der Bach Apotheke: 01\/98 20 900 oder <a href=\"mailto:office@bachapotheke.at\">office@bachapotheke.at<\/a><\/p>\n<\/div><div class=\"fusion-sep-clear\"><\/div><div class=\"fusion-separator\" style=\"margin-left: auto;margin-right: auto;margin-top:20px;margin-bottom:40px;width:100%;max-width:30%;\"><div class=\"fusion-separator-border sep-single sep-solid\" style=\"border-color:#e0dede;border-top-width:1px;\"><\/div><\/div><div class=\"fusion-sep-clear\"><\/div><style type=\"text\/css\"><\/style><div class=\"fusion-title title fusion-title-3 fusion-sep-none fusion-title-center fusion-title-text fusion-title-size-one\" style=\"margin-top:0px;margin-right:0px;margin-bottom:30px;margin-left:0px;\"><h1 class=\"title-heading-center fusion-responsive-typography-calculated\" style=\"margin:0;--fontSize:34;line-height:1.4;\"><h3><\/h3>\n<h3 style=\"text-align: center;\"><a href=\"https:\/\/wweb.at\/bawp\/wp-content\/uploads\/Yoga-Astrid-Dienstag-ab-3.12.2024.pdf\">Achtsames Yoga<\/a><em>\u00a0 \u00a0 \u00a0AUSGEBUCHT<\/em><\/h3><\/h1><\/div><div class=\"fusion-text fusion-text-2\"><p style=\"text-align: center;\">Dienstag 18:15 &#8211; 19:30<br \/>\nEinstieg jederzeit m\u00f6glich<\/p>\n<p style=\"text-align: center;\">Infos &amp; Anmeldung in der Bach Apotheke: 01 \/ 98 20 900 oder <a href=\"mailto:office@bachapotheke.at\">office@bachapotheke.at<\/a><\/p>\n<\/div><div class=\"fusion-sep-clear\"><\/div><div class=\"fusion-separator\" style=\"margin-left: auto;margin-right: auto;margin-top:20px;margin-bottom:40px;width:100%;max-width:30%;\"><div class=\"fusion-separator-border sep-single sep-solid\" style=\"border-color:#e0dede;border-top-width:1px;\"><\/div><\/div><div class=\"fusion-sep-clear\"><\/div><style type=\"text\/css\"><\/style><div class=\"fusion-title title fusion-title-4 fusion-sep-none fusion-title-center fusion-title-text fusion-title-size-one\" style=\"margin-top:0px;margin-right:0px;margin-bottom:30px;margin-left:0px;\"><h1 class=\"title-heading-center fusion-responsive-typography-calculated\" style=\"margin:0;--fontSize:34;line-height:1.4;\"><h3 style=\"text-align: center;\"><strong><span style=\"color: #993366;\"><a style=\"color: #993366;\" href=\"https:\/\/wweb.at\/bawp\/wp-content\/uploads\/Basiskurs-Bachapotheke-ab-21.1.26-002.jpg\">NEU: Yoga Basiskurs am Vormittag &#8211; ab 21.1.<\/a><\/span><\/strong><\/h3><\/h1><\/div><div class=\"fusion-text fusion-text-3\"><p style=\"text-align: center;\">Mittwoch 10:00 &#8211; 11:15, ab 21.1.2026<br \/>\nAnmeldung in der Bach Apotheke: 01\/98 20 900 oder <a href=\"mailto:office@bachapotheke.at\">office@bachapotheke.at<\/a><\/p>\n<\/div><div class=\"fusion-sep-clear\"><\/div><div class=\"fusion-separator\" style=\"margin-left: auto;margin-right: auto;margin-top:20px;margin-bottom:40px;width:100%;max-width:30%;\"><div class=\"fusion-separator-border sep-single sep-solid\" style=\"border-color:#e0dede;border-top-width:1px;\"><\/div><\/div><div class=\"fusion-sep-clear\"><\/div><style type=\"text\/css\"><\/style><div class=\"fusion-title title fusion-title-5 fusion-sep-none fusion-title-center fusion-title-text fusion-title-size-one\" style=\"margin-top:0px;margin-right:0px;margin-bottom:30px;margin-left:0px;\"><h1 class=\"title-heading-center fusion-responsive-typography-calculated\" style=\"margin:0;--fontSize:34;line-height:1.4;\"><h3 style=\"text-align: center;\">Pilates<em>\u00a0 \u00a0 \u00a0AUSGEBUCHT<\/em><\/h3><\/h1><\/div><div class=\"fusion-text fusion-text-4\"><p style=\"text-align: center;\">Montag 17:45 &#8211; 18:45<br \/>\nAnmeldung: Mag. Christine Berzsenyi<br \/>\n<a href=\"mailto:praxis@beruehrungspunkte.co.at?subject=Yoga\">praxis@beruehrungspunkte.co.at<\/a><br \/>\n<a href=\"http:\/\/www.beruehrungspunkte.co.at\">www.beruehrungspunkte.co.at<\/a><\/p>\n<\/div><div class=\"fusion-sep-clear\"><\/div><div class=\"fusion-separator\" style=\"margin-left: auto;margin-right: auto;margin-top:20px;margin-bottom:40px;width:100%;max-width:30%;\"><div class=\"fusion-separator-border sep-single sep-solid\" style=\"border-color:#e0dede;border-top-width:1px;\"><\/div><\/div><div class=\"fusion-sep-clear\"><\/div><style type=\"text\/css\"><\/style><div class=\"fusion-title title fusion-title-6 fusion-sep-none fusion-title-center fusion-title-text fusion-title-size-one\" style=\"margin-top:0px;margin-right:0px;margin-bottom:30px;margin-left:0px;\"><h1 class=\"title-heading-center fusion-responsive-typography-calculated\" style=\"margin:0;--fontSize:34;line-height:1.4;\"><h3 style=\"text-align: center;\">Pilates<em>\u00a0 \u00a0 \u00a0AUSGEBUCHT<\/em><\/h3>\n<h3 style=\"text-align: center;\"><\/h3><\/h1><\/div><div class=\"fusion-text fusion-text-5\"><p style=\"text-align: center;\">Mittwoch 18:15 &#8211; 19:15, ab 7.1. bis 25.3.2026<br \/>\n11 Einheiten \u00e0 60 Minuten 198,- Euro, Schnuppern m\u00f6glich, Einstieg jederzeit m\u00f6glich<br \/>\nAnmeldung: <a href=\"mailto:julia@herzenslachen.at\">julia@herzenslachen.at<\/a><br \/>\noder telefonisch unter 0650 56 21 399<\/p>\n<\/div><div class=\"fusion-sep-clear\"><\/div><div class=\"fusion-separator\" style=\"margin-left: auto;margin-right: auto;margin-top:20px;margin-bottom:40px;width:100%;max-width:30%;\"><div class=\"fusion-separator-border sep-single sep-solid\" style=\"border-color:#e0dede;border-top-width:1px;\"><\/div><\/div><div class=\"fusion-sep-clear\"><\/div><style type=\"text\/css\"><\/style><div class=\"fusion-title title fusion-title-7 fusion-sep-none fusion-title-center fusion-title-text fusion-title-size-one\" style=\"margin-top:0px;margin-right:0px;margin-bottom:30px;margin-left:0px;\"><h1 class=\"title-heading-center fusion-responsive-typography-calculated\" style=\"margin:0;--fontSize:34;line-height:1.4;\"><h3 style=\"text-align: center;\">BEWEGTE APOTHEKE<\/h3><\/h1><\/div><div class=\"fusion-text fusion-text-6\"><p style=\"text-align: center;\">Nordic Walking geht auch im Fr\u00fchling weiter!<\/p>\n<p style=\"text-align: center;\">Treffpunkt: jeden Freitag 9:30 in der Bach Apotheke<\/p>\n<\/div><\/div><\/div><div class=\"fusion-clearfix\"><\/div><\/div><\/div><\/div><\/div>\n<div class=\"fusion-fullwidth fullwidth-box fusion-builder-row-3 nonhundred-percent-fullwidth non-hundred-percent-height-scrolling fusion-equal-height-columns\" style=\"background-color: rgba(95,145,191,0.59);background-position: left top;background-repeat: no-repeat;padding-top:25px;padding-right:0px;padding-bottom:20px;padding-left:0px;margin-bottom: 0px;margin-top: 10px;border-width: 0px 0px 0px 0px;border-color:#eae9e9;border-style:solid;\" ><div class=\"fusion-builder-row fusion-row\"><div class=\"fusion-layout-column fusion_builder_column fusion-builder-column-4 fusion_builder_column_1_5 1_5 fusion-one-fifth fusion-column-first\" style=\"width:16.8%; margin-right: 4%;margin-top:0px;margin-bottom:20px;\"><div class=\"fusion-column-wrapper fusion-flex-column-wrapper-legacy\" style=\"background-position:left top;background-repeat:no-repeat;-webkit-background-size:cover;-moz-background-size:cover;-o-background-size:cover;background-size:cover;padding: 0px 0px 0px 0px;\"><div class=\"fusion-sep-clear\"><\/div><div class=\"fusion-separator fusion-full-width-sep\" style=\"margin-left: auto;margin-right: auto;margin-top:30px;margin-bottom:20px;width:100%;\"><\/div><div class=\"fusion-sep-clear\"><\/div><div class=\"fusion-clearfix\"><\/div><\/div><\/div><div class=\"fusion-layout-column fusion_builder_column fusion-builder-column-5 fusion_builder_column_3_5 3_5 fusion-three-fifth\" style=\"width:58.4%; margin-right: 4%;margin-top:0px;margin-bottom:0px;\"><div class=\"fusion-column-wrapper fusion-flex-column-wrapper-legacy\" style=\"background-position:left top;background-repeat:no-repeat;-webkit-background-size:cover;-moz-background-size:cover;-o-background-size:cover;background-size:cover;padding: 0px 0px 0px 0px;\"><div class=\"fusion-sep-clear\"><\/div><div class=\"fusion-separator fusion-full-width-sep\" style=\"margin-left: auto;margin-right: auto;margin-top:20px;margin-bottom:20px;width:100%;\"><\/div><div class=\"fusion-sep-clear\"><\/div><style type=\"text\/css\"><\/style><div class=\"fusion-title title fusion-title-8 sep-underline sep-solid fusion-title-center fusion-title-text fusion-title-size-two\" style=\"border-bottom-color:#ffffff;margin-top:0px;margin-right:0px;margin-bottom:30px;margin-left:0px;\"><h2 class=\"title-heading-center fusion-responsive-typography-calculated\" style=\"margin:0;--fontSize:34;line-height:1.5;\"><h6>Gesundheitsbehandlungen<\/h6><\/h2><\/div><div class=\"fusion-clearfix\"><\/div><\/div><\/div><div class=\"fusion-layout-column fusion_builder_column fusion-builder-column-6 fusion_builder_column_1_5 1_5 fusion-one-fifth fusion-column-last\" style=\"width:16.8%;margin-top:0px;margin-bottom:20px;\"><div class=\"fusion-column-wrapper fusion-flex-column-wrapper-legacy\" style=\"background-position:left top;background-repeat:no-repeat;-webkit-background-size:cover;-moz-background-size:cover;-o-background-size:cover;background-size:cover;padding: 0px 0px 0px 0px;\"><div class=\"fusion-sep-clear\"><\/div><div class=\"fusion-separator fusion-full-width-sep\" style=\"margin-left: auto;margin-right: auto;margin-top:30px;margin-bottom:20px;width:100%;\"><\/div><div class=\"fusion-sep-clear\"><\/div><div class=\"fusion-clearfix\"><\/div><\/div><\/div><\/div><\/div><div class=\"fusion-fullwidth fullwidth-box fusion-builder-row-4 hundred-percent-fullwidth non-hundred-percent-height-scrolling\" style=\"background-color: rgba(255,255,255,0);background-position: center center;background-repeat: no-repeat;padding-top:0px;padding-right:0px;padding-bottom:0px;padding-left:0px;margin-bottom: 40px;margin-top: 40px;border-width: 0px 0px 0px 0px;border-color:#eae9e9;border-style:solid;\" ><div class=\"fusion-builder-row fusion-row\"><div class=\"fusion-layout-column fusion_builder_column fusion-builder-column-7 fusion_builder_column_1_1 1_1 fusion-one-full fusion-column-first fusion-column-last fusion-column-no-min-height\" style=\"margin-top:0px;margin-bottom:0px;\"><div class=\"fusion-column-wrapper fusion-flex-column-wrapper-legacy\" style=\"background-position:left top;background-repeat:no-repeat;-webkit-background-size:cover;-moz-background-size:cover;-o-background-size:cover;background-size:cover;padding: 0px 0px 0px 0px;\"><div class=\"fusion-sep-clear\"><\/div><div class=\"fusion-separator fusion-full-width-sep\" style=\"margin-left: auto;margin-right: auto;width:100%;\"><\/div><div class=\"fusion-sep-clear\"><\/div><style type=\"text\/css\"><\/style><div class=\"fusion-title title fusion-title-9 fusion-sep-none fusion-title-center fusion-title-text fusion-title-size-one\" style=\"margin-top:0px;margin-right:0px;margin-bottom:30px;margin-left:0px;\"><h1 class=\"title-heading-center fusion-responsive-typography-calculated\" style=\"margin:0;--fontSize:34;line-height:1.4;\"><h3 style=\"text-align: center;\"><a href=\"http:\/\/www.bach-apotheke.at\/2015\/08\/Massage.pdf\">MASSAGE<\/a><\/h3><\/h1><\/div><div class=\"fusion-text fusion-text-7\"><p style=\"text-align: center;\">Unser Massage-Zeiten sind Montag bis Freitag jeweils von 9:00 \u2013 18:00.<br \/>\nF\u00fcr einen Massagetermin kontaktieren Sie bitte Stefan Montero: 0699 \/ 140 86 471.<\/p>\n<p style=\"text-align: center;\">30 Minuten Einheit Euro 40,-<br \/>\n45 Minuten Einheit Euro 55,-<br \/>\n60 Minuten Einheit Euro 70,-<\/p>\n<\/div><div class=\"fusion-sep-clear\"><\/div><div class=\"fusion-separator fusion-full-width-sep\" style=\"margin-left: auto;margin-right: auto;width:100%;\"><\/div><div class=\"fusion-sep-clear\"><\/div><div class=\"fusion-sep-clear\"><\/div><div class=\"fusion-separator fusion-full-width-sep\" style=\"margin-left: auto;margin-right: auto;margin-top:30px;margin-bottom:30px;width:100%;\"><\/div><div class=\"fusion-sep-clear\"><\/div><div class=\"fusion-clearfix\"><\/div><\/div><\/div><\/div><\/div>\n<div class=\"fusion-fullwidth fullwidth-box fusion-builder-row-5 hundred-percent-fullwidth non-hundred-percent-height-scrolling\" style=\"background-color: rgba(255,255,255,0);background-position: left top;background-repeat: no-repeat;padding-top:0px;padding-right:0px;padding-bottom:0px;padding-left:0px;margin-bottom: -82px;margin-top: 0px;border-width: 0px 0px 0px 0px;border-color:#eae9e9;border-style:solid;\" ><div class=\"fusion-builder-row fusion-row\"><div class=\"fusion-layout-column fusion_builder_column fusion-builder-column-8 fusion_builder_column_1_1 1_1 fusion-one-full fusion-column-first fusion-column-last fusion-column-no-min-height\" style=\"margin-top:0px;margin-bottom:0px;\"><div class=\"fusion-column-wrapper fusion-flex-column-wrapper-legacy\" style=\"background-position:left top;background-repeat:no-repeat;-webkit-background-size:cover;-moz-background-size:cover;-o-background-size:cover;background-size:cover;padding: 0px 0px 0px 0px;\"><div class=\"fusion-clearfix\"><\/div><\/div><\/div><\/div><\/div><\/p>\n","protected":false},"excerpt":{"rendered":"","protected":false},"author":1,"featured_media":0,"parent":0,"menu_order":0,"comment_status":"closed","ping_status":"closed","template":"100-width.php","meta":{"footnotes":""},"class_list":["post-13134","page","type-page","status-publish","hentry"],"yoast_head":"<!-- This site is optimized with the Yoast SEO plugin v27.3 - https:\/\/yoast.com\/product\/yoast-seo-wordpress\/ -->\n<title>Kurse Bach&amp;Body - Bach Apotheke Wien<\/title>\n<meta name=\"robots\" content=\"index, follow, max-snippet:-1, max-image-preview:large, max-video-preview:-1\" \/>\n<link rel=\"canonical\" href=\"https:\/\/www.wweb.at\/bawp\/leistungen\/\" \/>\n<meta property=\"og:locale\" content=\"de_DE\" \/>\n<meta property=\"og:type\" content=\"article\" \/>\n<meta property=\"og:title\" content=\"Kurse Bach&amp;Body - Bach Apotheke Wien\" \/>\n<meta property=\"og:url\" content=\"https:\/\/www.wweb.at\/bawp\/leistungen\/\" \/>\n<meta property=\"og:site_name\" content=\"Bach Apotheke Wien\" \/>\n<meta property=\"article:modified_time\" content=\"2026-04-12T16:18:58+00:00\" \/>\n<meta name=\"twitter:card\" content=\"summary_large_image\" \/>\n<meta name=\"twitter:label1\" content=\"Gesch\u00e4tzte Lesezeit\" \/>\n\t<meta name=\"twitter:data1\" content=\"10\u00a0Minuten\" \/>\n<script type=\"application\/ld+json\" class=\"yoast-schema-graph\">{\"@context\":\"https:\\\/\\\/schema.org\",\"@graph\":[{\"@type\":\"WebPage\",\"@id\":\"https:\\\/\\\/www.wweb.at\\\/bawp\\\/leistungen\\\/\",\"url\":\"https:\\\/\\\/www.wweb.at\\\/bawp\\\/leistungen\\\/\",\"name\":\"Kurse Bach&Body - Bach Apotheke Wien\",\"isPartOf\":{\"@id\":\"https:\\\/\\\/www.wweb.at\\\/bawp\\\/#website\"},\"datePublished\":\"2018-06-18T13:30:18+00:00\",\"dateModified\":\"2026-04-12T16:18:58+00:00\",\"breadcrumb\":{\"@id\":\"https:\\\/\\\/www.wweb.at\\\/bawp\\\/leistungen\\\/#breadcrumb\"},\"inLanguage\":\"de\",\"potentialAction\":[{\"@type\":\"ReadAction\",\"target\":[\"https:\\\/\\\/www.wweb.at\\\/bawp\\\/leistungen\\\/\"]}]},{\"@type\":\"BreadcrumbList\",\"@id\":\"https:\\\/\\\/www.wweb.at\\\/bawp\\\/leistungen\\\/#breadcrumb\",\"itemListElement\":[{\"@type\":\"ListItem\",\"position\":1,\"name\":\"Startseite\",\"item\":\"https:\\\/\\\/www.wweb.at\\\/bawp\\\/\"},{\"@type\":\"ListItem\",\"position\":2,\"name\":\"Kurse Bach&#038;Body\"}]},{\"@type\":\"WebSite\",\"@id\":\"https:\\\/\\\/www.wweb.at\\\/bawp\\\/#website\",\"url\":\"https:\\\/\\\/www.wweb.at\\\/bawp\\\/\",\"name\":\"Bach Apotheke Wien\",\"description\":\"Willkommen\",\"potentialAction\":[{\"@type\":\"SearchAction\",\"target\":{\"@type\":\"EntryPoint\",\"urlTemplate\":\"https:\\\/\\\/www.wweb.at\\\/bawp\\\/?s={search_term_string}\"},\"query-input\":{\"@type\":\"PropertyValueSpecification\",\"valueRequired\":true,\"valueName\":\"search_term_string\"}}],\"inLanguage\":\"de\"}]}<\/script>\n<!-- \/ Yoast SEO plugin. -->","yoast_head_json":{"title":"Kurse Bach&Body - Bach Apotheke Wien","robots":{"index":"index","follow":"follow","max-snippet":"max-snippet:-1","max-image-preview":"max-image-preview:large","max-video-preview":"max-video-preview:-1"},"canonical":"https:\/\/www.wweb.at\/bawp\/leistungen\/","og_locale":"de_DE","og_type":"article","og_title":"Kurse Bach&Body - Bach Apotheke Wien","og_url":"https:\/\/www.wweb.at\/bawp\/leistungen\/","og_site_name":"Bach Apotheke Wien","article_modified_time":"2026-04-12T16:18:58+00:00","twitter_card":"summary_large_image","twitter_misc":{"Gesch\u00e4tzte Lesezeit":"10\u00a0Minuten"},"schema":{"@context":"https:\/\/schema.org","@graph":[{"@type":"WebPage","@id":"https:\/\/www.wweb.at\/bawp\/leistungen\/","url":"https:\/\/www.wweb.at\/bawp\/leistungen\/","name":"Kurse Bach&Body - Bach Apotheke Wien","isPartOf":{"@id":"https:\/\/www.wweb.at\/bawp\/#website"},"datePublished":"2018-06-18T13:30:18+00:00","dateModified":"2026-04-12T16:18:58+00:00","breadcrumb":{"@id":"https:\/\/www.wweb.at\/bawp\/leistungen\/#breadcrumb"},"inLanguage":"de","potentialAction":[{"@type":"ReadAction","target":["https:\/\/www.wweb.at\/bawp\/leistungen\/"]}]},{"@type":"BreadcrumbList","@id":"https:\/\/www.wweb.at\/bawp\/leistungen\/#breadcrumb","itemListElement":[{"@type":"ListItem","position":1,"name":"Startseite","item":"https:\/\/www.wweb.at\/bawp\/"},{"@type":"ListItem","position":2,"name":"Kurse Bach&#038;Body"}]},{"@type":"WebSite","@id":"https:\/\/www.wweb.at\/bawp\/#website","url":"https:\/\/www.wweb.at\/bawp\/","name":"Bach Apotheke Wien","description":"Willkommen","potentialAction":[{"@type":"SearchAction","target":{"@type":"EntryPoint","urlTemplate":"https:\/\/www.wweb.at\/bawp\/?s={search_term_string}"},"query-input":{"@type":"PropertyValueSpecification","valueRequired":true,"valueName":"search_term_string"}}],"inLanguage":"de"}]}},"_links":{"self":[{"href":"https:\/\/www.wweb.at\/bawp\/wp-json\/wp\/v2\/pages\/13134","targetHints":{"allow":["GET"]}}],"collection":[{"href":"https:\/\/www.wweb.at\/bawp\/wp-json\/wp\/v2\/pages"}],"about":[{"href":"https:\/\/www.wweb.at\/bawp\/wp-json\/wp\/v2\/types\/page"}],"author":[{"embeddable":true,"href":"https:\/\/www.wweb.at\/bawp\/wp-json\/wp\/v2\/users\/1"}],"replies":[{"embeddable":true,"href":"https:\/\/www.wweb.at\/bawp\/wp-json\/wp\/v2\/comments?post=13134"}],"version-history":[{"count":40,"href":"https:\/\/www.wweb.at\/bawp\/wp-json\/wp\/v2\/pages\/13134\/revisions"}],"predecessor-version":[{"id":15277,"href":"https:\/\/www.wweb.at\/bawp\/wp-json\/wp\/v2\/pages\/13134\/revisions\/15277"}],"wp:attachment":[{"href":"https:\/\/www.wweb.at\/bawp\/wp-json\/wp\/v2\/media?parent=13134"}],"curies":[{"name":"wp","href":"https:\/\/api.w.org\/{rel}","templated":true}]}}